{"id":51,"date":"2020-02-18T17:31:52","date_gmt":"2020-02-18T16:31:52","guid":{"rendered":"https:\/\/www.flyfishingguide.de\/?page_id=51"},"modified":"2023-01-11T18:20:53","modified_gmt":"2023-01-11T17:20:53","slug":"impressum","status":"publish","type":"page","link":"https:\/\/www.flyfishingguide.de\/en\/impressum\/","title":{"rendered":"Impressum"},"content":{"rendered":"<p><strong>Impressum<\/strong><\/p>\n\n\n\n<p>Angaben\ngem\u00e4\u00df \u00a7 5 TMG:<\/p>\n\n\n\n<p>Flyfishingguide<\/p>\n\n\n\n<p>Jens Beyer<br> Wiesenweg 5<br> 06686 L\u00fctzen \/ OT Starsiedel<\/p>\n\n\n\n<p><strong>Kontakt:<\/strong><\/p>\n\n\n\n<p>Mobil 1:\n&nbsp;&nbsp; +49 (0) 163 75 86 64 6<\/p>\n\n\n\n<p><a href=\"mailto:Info@flyfishingguides.de\">Info@flyfishingguide.de<\/a><\/p>\n\n\n\n<p><br>\nUStid-Nr. Gem\u00e4\u00df \u00a7 27 a Umsatzsteuergesetz: nicht notwendig (Kleingewerbe)&nbsp;<\/p>\n\n\n\n<p><strong>Haftungsausschluss:<\/strong><\/p>\n\n\n\n<p><strong>Haftung f\u00fcr\nInhalte<\/strong><\/p>\n\n\n\n<p>Die Inhalte\nunserer Seiten wurden mit gr\u00f6\u00dfter Sorgfalt erstellt. F\u00fcr die Richtigkeit,\nVollst\u00e4ndigkeit und Aktualit\u00e4t der Inhalte k\u00f6nnen wir jedoch keine Gew\u00e4hr\n\u00fcbernehmen. Als Diensteanbieter sind wir gem\u00e4\u00df \u00a7 7 Abs.1 TMG f\u00fcr eigene Inhalte\nauf diesen Seiten nach den allgemeinen Gesetzen verantwortlich. Nach \u00a7\u00a7 8 bis\n10 TMG sind wir als Diensteanbieter jedoch nicht verpflichtet, \u00fcbermittelte\noder gespeicherte fremde Informationen zu \u00fcberwachen oder nach Umst\u00e4nden zu\nforschen, die auf eine rechtswidrige T\u00e4tigkeit hinweisen. Verpflichtungen zur\nEntfernung oder Sperrung der Nutzung von Informationen nach den allgemeinen\nGesetzen bleiben hiervon unber\u00fchrt. Eine diesbez\u00fcgliche Haftung ist jedoch erst\nab dem Zeitpunkt der Kenntnis einer konkreten Rechtsverletzung m\u00f6glich. Bei\nBekanntwerden von entsprechenden Rechtsverletzungen werden wir diese Inhalte\numgehend entfernen.<\/p>\n\n\n\n<p><strong>Haftung f\u00fcr\nLinks<\/strong><\/p>\n\n\n\n<p>Unser\nAngebot enth\u00e4lt Links zu externen Webseiten Dritter, auf deren Inhalte wir\nkeinen Einfluss haben. Deshalb k\u00f6nnen wir f\u00fcr diese fremden Inhalte auch keine\nGew\u00e4hr \u00fcbernehmen. F\u00fcr die Inhalte der verlinkten Seiten ist stets der\njeweilige Anbieter oder Betreiber der Seiten verantwortlich. Die verlinkten\nSeiten wurden zum Zeitpunkt der Verlinkung auf m\u00f6gliche Rechtsverst\u00f6\u00dfe \u00fcberpr\u00fcft.\nRechtswidrige Inhalte waren zum Zeitpunkt der Verlinkung nicht erkennbar. Eine\npermanente inhaltliche Kontrolle der verlinkten Seiten ist jedoch ohne konkrete\nAnhaltspunkte einer Rechtsverletzung nicht zumutbar. Bei Bekanntwerden von\nRechtsverletzungen werden wir derartige Links umgehend entfernen.<\/p>\n\n\n\n<p><strong>Urheberrecht<\/strong><\/p>\n\n\n\n<p>Die durch\ndie Seitenbetreiber erstellten Inhalte und Werke auf diesen Seiten unterliegen\ndem deutschen Urheberrecht. Die Vervielf\u00e4ltigung, Bearbeitung, Verbreitung und\njede Art der Verwertung au\u00dferhalb der Grenzen des Urheberrechtes bed\u00fcrfen der\nschriftlichen Zustimmung des jeweiligen Autors bzw. Erstellers. Downloads und\nKopien dieser Seite sind nur f\u00fcr den privaten, nicht kommerziellen Gebrauch\ngestattet. Soweit die Inhalte auf dieser Seite nicht vom Betreiber erstellt\nwurden, werden die Urheberrechte Dritter beachtet. Insbesondere werden Inhalte\nDritter als solche gekennzeichnet. Sollten Sie trotzdem auf eine\nUrheberrechtsverletzung aufmerksam werden, bitten wir um einen entsprechenden\nHinweis. Bei Bekanntwerden von Rechtsverletzungen werden wir derartige Inhalte\numgehend entfernen.<\/p>\n\n\n\n<p><strong>Datenschutz<\/strong><\/p>\n\n\n\n<p>Die Nutzung\nunserer Webseite ist in der Regel ohne Angabe personenbezogener Daten m\u00f6glich.\nSoweit auf unseren Seiten personenbezogene Daten (beispielsweise Name,\nAnschrift oder eMail-Adressen) erhoben werden, erfolgt dies, soweit m\u00f6glich,\nstets auf freiwilliger Basis. Diese Daten werden ohne Ihre ausdr\u00fcckliche\nZustimmung nicht an Dritte weitergegeben.<\/p>\n\n\n\n<p>Wir weisen\ndarauf hin, dass die Daten\u00fcbertragung im Internet (z.B. bei der Kommunikation\nper E-Mail) Sicherheitsl\u00fccken aufweisen kann. Ein l\u00fcckenloser Schutz der Daten\nvor dem Zugriff durch Dritte ist nicht m\u00f6glich.<\/p>\n\n\n\n<p>Der Nutzung\nvon im Rahmen der Impressumspflicht ver\u00f6ffentlichten Kontaktdaten durch Dritte\nzur \u00dcbersendung von nicht ausdr\u00fccklich angeforderter Werbung und\nInformationsmaterialien wird hiermit ausdr\u00fccklich widersprochen. Die Betreiber\nder Seiten behalten sich ausdr\u00fccklich rechtliche Schritte im Falle der\nunverlangten Zusendung von Werbeinformationen, etwa durch Spam-Mails, vor.<\/p>\n\n\n\n<p><strong>Datenschutzerkl\u00e4rung\nf\u00fcr die Nutzung von Google Analytics<\/strong><\/p>\n\n\n\n<p>Diese\nWebsite benutzt Google Analytics, einen Webanalysedienst der Google Inc.\n(&#8222;Google&#8220;). Google Analytics verwendet sog. &#8222;Cookies&#8220;,\nTextdateien, die auf Ihrem Computer gespeichert werden und die eine Analyse der\nBenutzung der Website durch Sie erm\u00f6glichen. Die durch den Cookie erzeugten\nInformationen \u00fcber Ihre Benutzung dieser Website werden in der Regel an einen\nServer von Google in den USA \u00fcbertragen und dort gespeichert. Im Falle der\nAktivierung der IP-Anonymisierung auf dieser Webseite wird Ihre IP-Adresse von\nGoogle jedoch innerhalb von Mitgliedstaaten der Europ\u00e4ischen Union oder in\nanderen Vertragsstaaten des Abkommens \u00fcber den Europ\u00e4ischen Wirtschaftsraum zuvor\ngek\u00fcrzt.<\/p>\n\n\n\n<p>Nur in\nAusnahmef\u00e4llen wird die volle IP-Adresse an einen Server von Google in den USA\n\u00fcbertragen und dort gek\u00fcrzt. Im Auftrag des Betreibers dieser Website wird\nGoogle diese Informationen benutzen, um Ihre Nutzung der Website auszuwerten,\num Reports \u00fcber die Websiteaktivit\u00e4ten zusammenzustellen und um weitere mit der\nWebsitenutzung und der Internetnutzung verbundene Dienstleistungen gegen\u00fcber\ndem Websitebetreiber zu erbringen. Die im Rahmen von Google Analytics von Ihrem\nBrowser \u00fcbermittelte IP-Adresse wird nicht mit anderen Daten von Google\nzusammengef\u00fchrt.<\/p>\n\n\n\n<p>Sie k\u00f6nnen\ndie Speicherung der Cookies durch eine entsprechende Einstellung Ihrer\nBrowser-Software verhindern; wir weisen Sie jedoch darauf hin, dass Sie in\ndiesem Fall gegebenenfalls nicht s\u00e4mtliche Funktionen dieser Website\nvollumf\u00e4nglich werden nutzen k\u00f6nnen. Sie k\u00f6nnen dar\u00fcber hinaus die Erfassung\nder durch das Cookie erzeugten und auf Ihre Nutzung der Website bezogenen Daten\n(inkl. Ihrer IP-Adresse) an Google sowie die Verarbeitung dieser Daten durch\nGoogle verhindern, indem sie das unter dem folgenden Link verf\u00fcgbare\nBrowser-Plugin herunterladen und installieren: <a href=\"http:\/\/tools.google.com\/dlpage\/gaoptout?hl=de\">http:\/\/tools.google.com\/dlpage\/gaoptout?hl=de<\/a>.<\/p>\n\n\n\n<p><strong>Datenschutzerkl\u00e4rung\nf\u00fcr die Nutzung von Google Adsense<\/strong><\/p>\n\n\n\n<p>Diese\nWebsite benutzt Google AdSense, einen Dienst zum Einbinden von Werbeanzeigen\nder Google Inc. (&#8222;Google&#8220;). Google AdSense verwendet sog.\n&#8222;Cookies&#8220;, Textdateien, die auf Ihrem Computer gespeichert werden und\ndie eine Analyse der Benutzung der Website erm\u00f6glicht. Google AdSense verwendet\nauch so genannte Web Beacons (unsichtbare Grafiken). Durch diese Web Beacons\nk\u00f6nnen Informationen wie der Besucherverkehr auf diesen Seiten ausgewertet\nwerden.<\/p>\n\n\n\n<p>Die durch\nCookies und Web Beacons erzeugten Informationen \u00fcber die Benutzung dieser\nWebsite (einschlie\u00dflich Ihrer IP-Adresse) und Auslieferung von Werbeformaten\nwerden an einen Server von Google in den USA \u00fcbertragen und dort gespeichert.\nDiese Informationen k\u00f6nnen von Google an Vertragspartner von Google weiter\ngegeben werden. Google wird Ihre IP-Adresse jedoch nicht mit anderen von Ihnen\ngespeicherten Daten zusammenf\u00fchren.<\/p>\n\n\n\n<p>Sie k\u00f6nnen\ndie Installation der Cookies durch eine entsprechende Einstellung Ihrer Browser\nSoftware verhindern; wir weisen Sie jedoch darauf hin, dass Sie in diesem Fall\ngegebenenfalls nicht s\u00e4mtliche Funktionen dieser Website voll umf\u00e4nglich nutzen\nk\u00f6nnen. Durch die Nutzung dieser Website erkl\u00e4ren Sie sich mit der Bearbeitung\nder \u00fcber Sie erhobenen Daten durch Google in der zuvor beschriebenen Art und\nWeise und zu dem zuvor benannten Zweck einverstanden.<\/p>\n\n\n\n<p><strong>Datenschutzerkl\u00e4rung\nf\u00fcr die Nutzung von Google +1<\/strong><\/p>\n\n\n\n<p><em>Erfassung\nund Weitergabe von Informationen:<\/em><br>\nMithilfe der Google +1-Schaltfl\u00e4che k\u00f6nnen Sie Informationen weltweit\nver\u00f6ffentlichen. \u00fcber die Google +1-Schaltfl\u00e4che erhalten Sie und andere Nutzer\npersonalisierte Inhalte von Google und unseren Partnern. Google speichert\nsowohl die Information, dass Sie f\u00fcr einen Inhalt +1 gegeben haben, als auch\nInformationen \u00fcber die Seite, die Sie beim Klicken auf +1 angesehen haben. Ihre\n+1 k\u00f6nnen als Hinweise zusammen mit Ihrem Profilnamen und Ihrem Foto in\nGoogle-Diensten, wie etwa in Suchergebnissen oder in Ihrem Google-Profil, oder\nan anderen Stellen auf Websites und Anzeigen im Internet eingeblendet werden.<br>\nGoogle zeichnet Informationen \u00fcber Ihre +1-Aktivit\u00e4ten auf, um die\nGoogle-Dienste f\u00fcr Sie und andere zu verbessern. Um die Google +1-Schaltfl\u00e4che\nverwenden zu k\u00f6nnen, ben\u00f6tigen Sie ein weltweit sichtbares, \u00f6ffentliches\nGoogle-Profil, das zumindest den f\u00fcr das Profil gew\u00e4hlten Namen enthalten muss.\nDieser Name wird in allen Google-Diensten verwendet. In manchen F\u00e4llen kann\ndieser Name auch einen anderen Namen ersetzen, den Sie beim Teilen von Inhalten\n\u00fcber Ihr Google-Konto verwendet haben. Die Identit\u00e4t Ihres Google-Profils kann\nNutzern angezeigt werden, die Ihre E-Mail-Adresse kennen oder \u00fcber andere\nidentifizierende Informationen von Ihnen verf\u00fcgen.<br>\n<br>\n<em>Verwendung der erfassten Informationen:<\/em><br>\nNeben den oben erl\u00e4uterten Verwendungszwecken werden die von Ihnen\nbereitgestellten Informationen gem\u00e4\u00df den geltenden\nGoogle-Datenschutzbestimmungen genutzt. Google ver\u00f6ffentlicht m\u00f6glicherweise\nzusammengefasste Statistiken \u00fcber die +1-Aktivit\u00e4ten der Nutzer bzw. gibt diese\nan Nutzer und Partner weiter, wie etwa Publisher, Inserenten oder verbundene\nWebsites.<\/p>\n\n\n\n<p><em>Quellenangaben:\n<\/em><a href=\"http:\/\/www.e-recht24.de\/muster-disclaimer.htm\" target=\"_blank\" rel=\"noreferrer noopener\"><em>Disclaimer\neRecht24<\/em><\/a><em>, <\/em><a href=\"http:\/\/www.google.com\/intl\/de_ALL\/analytics\/tos.html\" target=\"_blank\" rel=\"noreferrer noopener\"><em>Google Analytics\nBedingungen<\/em><\/a><em>, <\/em><a href=\"http:\/\/www.e-recht24.de\/artikel\/datenschutz\/6635-datenschutz-rechtliche-risiken-bei-der-nutzung-von-google-analytics-und-googleadsense.html\" target=\"_blank\" rel=\"noreferrer noopener\"><em>eRecht24\nDatenschutzerkl\u00e4rung Google Adsense<\/em><\/a><em>, <\/em><a href=\"http:\/\/www.google.com\/intl\/de\/+\/policy\/+1button.html\" target=\"_blank\" rel=\"noreferrer noopener\"><em>Datenschutzerkl\u00e4rung\nGoogle +1<\/em><\/a><\/p>","protected":false},"excerpt":{"rendered":"<p>Impressum Angaben gem\u00e4\u00df \u00a7 5 TMG: Flyfishingguide Jens Beyer Wiesenweg 5 06686 L\u00fctzen \/ OT Starsiedel Kontakt: Mobil 1: &nbsp;&nbsp; +49 (0) 163 75 86 64 6 Info@flyfishingguide.de UStid-Nr. Gem\u00e4\u00df&hellip; <br \/> <a class=\"read-more\" href=\"https:\/\/www.flyfishingguide.de\/en\/impressum\/\">Read more<\/a><\/p>","protected":false},"author":1,"featured_media":0,"parent":0,"menu_order":0,"comment_status":"closed","ping_status":"closed","template":"","meta":{"footnotes":""},"class_list":["post-51","page","type-page","status-publish","hentry"],"aioseo_notices":[],"_links":{"self":[{"href":"https:\/\/www.flyfishingguide.de\/en\/wp-json\/wp\/v2\/pages\/51","targetHints":{"allow":["GET"]}}],"collection":[{"href":"https:\/\/www.flyfishingguide.de\/en\/wp-json\/wp\/v2\/pages"}],"about":[{"href":"https:\/\/www.flyfishingguide.de\/en\/wp-json\/wp\/v2\/types\/page"}],"author":[{"embeddable":true,"href":"https:\/\/www.flyfishingguide.de\/en\/wp-json\/wp\/v2\/users\/1"}],"replies":[{"embeddable":true,"href":"https:\/\/www.flyfishingguide.de\/en\/wp-json\/wp\/v2\/comments?post=51"}],"version-history":[{"count":2,"href":"https:\/\/www.flyfishingguide.de\/en\/wp-json\/wp\/v2\/pages\/51\/revisions"}],"predecessor-version":[{"id":430,"href":"https:\/\/www.flyfishingguide.de\/en\/wp-json\/wp\/v2\/pages\/51\/revisions\/430"}],"wp:attachment":[{"href":"https:\/\/www.flyfishingguide.de\/en\/wp-json\/wp\/v2\/media?parent=51"}],"curies":[{"name":"wp","href":"https:\/\/api.w.org\/{rel}","templated":true}]}}