{"id":41,"date":"2020-02-18T17:18:16","date_gmt":"2020-02-18T16:18:16","guid":{"rendered":"https:\/\/www.flyfishingguide.de\/?page_id=41"},"modified":"2025-10-10T08:19:06","modified_gmt":"2025-10-10T06:19:06","slug":"kurse","status":"publish","type":"page","link":"https:\/\/www.flyfishingguide.de\/en\/kurse\/","title":{"rendered":"COURSES"},"content":{"rendered":"<figure class=\"wp-block-table\"><table><tbody><tr><td> \u00a0 <strong>Fliegenfischer Grundkurse &#8211; Lernen Sie das Fliegenfischen!<\/strong><br><br>Die Teilnehmer erhalten eine eingehende Wurfschulung und k\u00f6nnen<br>schon  am 1. Tag praktische Erfahrung an unseren Gew\u00e4ssern machen und  vielleicht Ihren ersten Fisch fangen. Da ich auf vier Teilnehmer pro  Kurs beschr\u00e4nke, kann eine bestm\u00f6gliche Betreuung f\u00fcr den Einzelnen  garantiert werden. Auf Wunsch und gegen geringe Geb\u00fchr stelle ich Ihnen  gerne ein Leihger\u00e4t zur Verf\u00fcgung. Bitte geben Sie bei Ihrer Anmeldung  an, ob Sie Leihger\u00e4t ben\u00f6tigen. Ich zeige Ihnen, wie Sie ihre Fliegen  verf\u00fchrerisch pr\u00e4sentieren. Weiterhin zeige ich Ihnen, an welchen  Stellen Sie fischen sollten, die in und am Wasser lebenden  unterschiedlichen Arten von Insekten sowie den Ablauf eines sicheren  Drills bzw. die schonende Landung. <br>Die Kosten inkl. 2-t\u00e4giger Fischerei betragen \u20ac 395,-, f\u00fcr den Fr\u00fchjahrskurs im April \u20ac 305,-. Die Bezahlung erfolgt vor Ort.<\/td><\/tr><tr><td>&nbsp;<\/td><\/tr><tr><td>\n\n\n\n\n\n\n&nbsp;\n\n\n\n<strong>Privatkurse &#8211; professionelles Einzel- oder Gruppenguiding! <\/strong>\nAuf vielfachen Wunsch biete ich auch <strong>Einzelbetreuung <\/strong>und <strong>Privatkurse <\/strong>an.<br>Hier\n werden Sie einen Tag lang von mir an das Wasser begleitet und haben die\n M\u00f6glichkeit, das Tagesprogramm selbst zu gestalten. Sie k\u00f6nnen \nfestlegen, ob Sie beispielsweise nur mit der Trockenfliege oder nur mit \nder Nymphe fischen wollen, ob Sie Ihren Wurfstil verbessern oder einen \nSpezialwurf dazulernen m\u00f6chten oder sich einfach nur einen sch\u00f6nen \nFischtag w\u00fcnschen.\n<\/td><\/tr><tr><td>&nbsp;<\/td><\/tr><tr><td> \u00a0 <strong>Fliegenfischer-Kurse f\u00fcr Anf\u00e4nger mit Vorkenntnissen<\/strong> Die Teilnehmer  dieses Kurses lernen zum Beispiel verschiedene Wurfarten erfolgreich  einzusetzen. Weiteres Kursziel ist das Erlernen des <strong>Doppelzuges <\/strong>und diverser <strong>Trickw\u00fcrfe<\/strong>.  Selbstverst\u00e4ndlich haben die Kursteilnehmer ausreichend M\u00f6glichkeit,  die erlernten Wurfarten am Fischwasser in die Praxis umzusetzen und  lernen Sie auch das Bew\u00e4ltigen schwieriger Str\u00f6mungsverh\u00e4ltnisse unter  Anwendung diverser Trickw\u00fcrfe. <br>Ihrem Traumfisch steht dann nichts mehr im Wege!<br> Die Kosten inkl. 2-t\u00e4giger Fischerei betragen \u20ac 395,-, f\u00fcr den Fr\u00fchjahrskurs im April \u20ac 305,-. Die Bezahlung erfolgt vor Ort.<br><br>In unserer <a href=\"http:\/\/www.flyfishingguide.de\/index.php\/gallerie\/fotos\">Photo-Gallerie<\/a> finden Sie Bilder von Fliegenfischern, die mit mir unterwegs waren.<br><br> Ich f\u00fchre Sie zu Top-Gew\u00e4ssern oder begleite Sie nat\u00fcrlich auch an jedes andere Gew\u00e4sser Ihrer Wahl. <br><br> <\/td><\/tr><tr><td>\nTermine nach telefonischer Vereinbarung oder kontaktieren Sie mich per Mail.<br>\n&nbsp;\n<\/td><\/tr><\/tbody><\/table><\/figure>\n\n\n\n<p><strong>+49 163 \/ 7586646<\/strong><\/p>","protected":false},"excerpt":{"rendered":"<p>\u00a0 Fliegenfischer Grundkurse &#8211; Lernen Sie das Fliegenfischen! Die Teilnehmer erhalten eine eingehende Wurfschulung und k\u00f6nnenschon am 1. Tag praktische Erfahrung an unseren Gew\u00e4ssern machen und vielleicht Ihren ersten Fisch&hellip; <br \/> <a class=\"read-more\" href=\"https:\/\/www.flyfishingguide.de\/en\/kurse\/\">Read more<\/a><\/p>","protected":false},"author":1,"featured_media":0,"parent":0,"menu_order":0,"comment_status":"closed","ping_status":"closed","template":"","meta":{"footnotes":""},"class_list":["post-41","page","type-page","status-publish","hentry"],"aioseo_notices":[],"_links":{"self":[{"href":"https:\/\/www.flyfishingguide.de\/en\/wp-json\/wp\/v2\/pages\/41","targetHints":{"allow":["GET"]}}],"collection":[{"href":"https:\/\/www.flyfishingguide.de\/en\/wp-json\/wp\/v2\/pages"}],"about":[{"href":"https:\/\/www.flyfishingguide.de\/en\/wp-json\/wp\/v2\/types\/page"}],"author":[{"embeddable":true,"href":"https:\/\/www.flyfishingguide.de\/en\/wp-json\/wp\/v2\/users\/1"}],"replies":[{"embeddable":true,"href":"https:\/\/www.flyfishingguide.de\/en\/wp-json\/wp\/v2\/comments?post=41"}],"version-history":[{"count":6,"href":"https:\/\/www.flyfishingguide.de\/en\/wp-json\/wp\/v2\/pages\/41\/revisions"}],"predecessor-version":[{"id":437,"href":"https:\/\/www.flyfishingguide.de\/en\/wp-json\/wp\/v2\/pages\/41\/revisions\/437"}],"wp:attachment":[{"href":"https:\/\/www.flyfishingguide.de\/en\/wp-json\/wp\/v2\/media?parent=41"}],"curies":[{"name":"wp","href":"https:\/\/api.w.org\/{rel}","templated":true}]}}