{"id":20,"date":"2020-02-18T16:52:12","date_gmt":"2020-02-18T15:52:12","guid":{"rendered":"https:\/\/www.flyfishingguide.de\/mesmerize\/"},"modified":"2025-10-10T08:26:27","modified_gmt":"2025-10-10T06:26:27","slug":"mesmerize","status":"publish","type":"page","link":"https:\/\/www.flyfishingguide.de\/en\/","title":{"rendered":"Flyfishingguide"},"content":{"rendered":"<div id=\"grundkurse\" class=\"about-images-right-section-mc content-section content-section-spacing\" style=\"background-color: #f5fafd;\" data-label=\"Grundkurse\" data-id=\"about--3\" data-export-id=\"about-images-right-section-mc\" data-category=\"about\" data-bullets-visibility=\"true\">\n<div class=\"gridContainer\">\n<div class=\"row middle-sm text-center\">\n<div class=\"col-sm-5 content-left-sm\" data-type=\"column\">\n<h5 class=\"\">Fliegenfischer Grundkurse<\/h5>\n<h2 class=\"\">Lernen Sie das Fliegenfischen<\/h2>\n<p class=\"\">Die Teilnehmer erhalten eine eingehende Wurfschulung und k\u00f6nnen\nschon am 1. Tag praktische Erfahrung an unseren Gew\u00e4ssern machen und vielleicht Ihren ersten Fisch fangen. Da ich auf vier Teilnehmer pro Kurs beschr\u00e4nke, kann eine bestm\u00f6gliche Betreuung f\u00fcr den Einzelnen garantiert werden. Auf Wunsch und gegen geringe Geb\u00fchr stelle ich Ihnen gerne ein Leihger\u00e4t zur Verf\u00fcgung. Bitte geben Sie bei Ihrer Anmeldung an, ob Sie Leihger\u00e4t ben\u00f6tigen. Ich zeige Ihnen, wie Sie ihre Fliegen verf\u00fchrerisch pr\u00e4sentieren. Weiterhin zeige ich Ihnen, an welchen Stellen Sie fischen sollten, die in und am Wasser lebenden unterschiedlichen Arten von Insekten sowie den Ablauf eines sicheren Drills bzw. die schonende Landung.\nDie Kosten inkl. 2-t\u00e4giger Fischerei betragen \u20ac 395,-, f\u00fcr den Fr\u00fchjahrskurs im April \u20ac 305,-. Die Bezahlung erfolgt vor Ort.<\/p>\n<a class=\"button color1\" href=\"https:\/\/www.flyfishingguide.de\/en\/buchung\/\" target=\"_self\" rel=\"noopener noreferrer\" data-cp-link=\"1\">Book now<\/a>\n\n<\/div>\n<div class=\"col-sm-7 space-bottom-xs\">\n<div class=\"image-group-side-3-img\"><img decoding=\"async\" class=\"topimg shadow-large\" title=\"1410774_649109475120647_690986996_o\" src=\"https:\/\/www.flyfishingguide.de\/wp-content\/uploads\/2020\/02\/1410774_649109475120647_690986996_o.jpg\" alt=\"\" \/> <img decoding=\"async\" class=\"rightimg shadow-large\" title=\"cropped-10603816_808722649159328_2002334412746442215_o.jpg\" src=\"https:\/\/www.flyfishingguide.de\/wp-content\/uploads\/2020\/02\/cropped-10603816_808722649159328_2002334412746442215_o.jpg\" alt=\"\" \/>\n<div class=\"leftimg\"><img decoding=\"async\" class=\"shadow-large\" title=\"cropped-893724_754089604622633_6925967533030831748_o-1.jpg\" src=\"https:\/\/www.flyfishingguide.de\/wp-content\/uploads\/2020\/02\/cropped-893724_754089604622633_6925967533030831748_o-1.jpg\" alt=\"\" \/><\/div>\n<\/div>\n<\/div>\n<\/div>\n<\/div>\n<\/div>\n<div id=\"vortgeschrittene\" class=\"about-4 content-section content-section-spacing\" style=\"background-color: #f5fafd; background-image: none;\" data-label=\"Vortgeschrittene\" data-id=\"about--1\" data-export-id=\"about-4\" data-category=\"about\" data-bullets-visibility=\"true\">\n<div class=\"gridContainer\">\n<div class=\"row middle-sm text-center\">\n<div class=\"col-sm-5 space-bottom-xs\" data-type=\"column\">\n<h5 class=\"\">Kurse f\u00fcr Vortgeschrittene<\/h5>\n<h2 class=\"\">Verbessern sie ihre F\u00e4higkeiten<\/h2>\n<p class=\"\">Die Teilnehmer dieses Kurses lernen zum Beispiel verschiedene Wurfarten erfolgreich einzusetzen. Weiteres Kursziel ist das Erlernen des Doppelzuges und diverser Trickw\u00fcrfe. Selbstverst\u00e4ndlich haben die Kursteilnehmer ausreichend M\u00f6glichkeit, die erlernten Wurfarten am Fischwasser in die Praxis umzusetzen und lernen Sie auch das Bew\u00e4ltigen schwieriger Str\u00f6mungsverh\u00e4ltnisse unter Anwendung diverser Trickw\u00fcrfe.\nIhrem Traumfisch steht dann nichts mehr im Wege!\nDie Kosten inkl. 2-t\u00e4giger Fischerei betragen \u20ac 395,-, f\u00fcr den Fr\u00fchjahrskurs im April \u20ac 305,-. Die Bezahlung erfolgt vor Ort.<\/p>\n<a class=\"button color1\" href=\"https:\/\/www.flyfishingguide.de\/en\/buchung\/\" target=\"_self\" rel=\"noopener noreferrer\" data-cp-link=\"1\">Book now<\/a>\n\n<\/div>\n<div class=\"col-sm-7 flexbox center-xs middle-xs image-group-2-img\"><img decoding=\"async\" class=\"img-1 shadow-large\" title=\"DSC00712\" src=\"https:\/\/www.flyfishingguide.de\/wp-content\/uploads\/2020\/02\/DSC00712-scaled.jpg\" alt=\"\" data-size=\"250x200\" \/> <img decoding=\"async\" class=\"img-2 shadow-large\" title=\"cropped-1398047_656705251027736_147149212_o.jpg\" src=\"https:\/\/www.flyfishingguide.de\/wp-content\/uploads\/2020\/02\/cropped-1398047_656705251027736_147149212_o.jpg\" alt=\"\" data-size=\"220x170\" \/><\/div>\n<\/div>\n<\/div>\n<\/div>\n<div id=\"privatkurse\" class=\"about-10 content-section content-section-spacing\" style=\"background-color: #f5fafd; background-image: none;\" data-label=\"Privatkurse\" data-id=\"about--4\" data-export-id=\"about-10\" data-category=\"about\" data-bullets-visibility=\"true\">\n<div class=\"gridContainer\">\n<div class=\"row middle-sm text-center\">\n<div class=\"col-sm-5 space-bottom-xs content-column\" data-type=\"column\">\n<h5 class=\"\">Privatkurse<\/h5>\n<h2 class=\"\">professional individual or group guiding<\/h2>\n<p class=\"\">Auf vielfachen Wunsch biete ich auch Einzelbetreuung und Privatkurse an.\nHier werden Sie einen Tag lang von mir an das Wasser begleitet und haben die M\u00f6glichkeit, das Tagesprogramm selbst zu gestalten. Sie k\u00f6nnen festlegen, ob Sie beispielsweise nur mit der Trockenfliege oder nur mit der Nymphe fischen wollen, ob Sie Ihren Wurfstil verbessern oder einen Spezialwurf dazulernen m\u00f6chten oder sich einfach nur einen sch\u00f6nen Fischtag w\u00fcnschen.<\/p>\n<a class=\"button color1\" href=\"https:\/\/www.flyfishingguide.de\/en\/buchung\/\" target=\"_self\" rel=\"noopener noreferrer\" data-cp-link=\"1\">Book now<\/a>\n\n<\/div>\n<div class=\"col-sm-7 flexbox middle-xs center-xs space-bottom-xs\">\n<div class=\"overlay-box middle-xs center-xs flexbox\">\n<div class=\"overlay-box-offset offset-border shadow-medium border-color1 hide-xs\"><\/div>\n<img decoding=\"async\" class=\"shadow-large\" title=\"cropped-DSC00832-scaled-1.jpg\" src=\"https:\/\/www.flyfishingguide.de\/wp-content\/uploads\/2020\/02\/cropped-DSC00832-scaled-1.jpg\" alt=\"\" data-size=\"485x705\" \/>\n\n<\/div>\n<\/div>\n<\/div>\n<\/div>\n<\/div>\n<div id=\"kontakt\" class=\"contact-1-mc content-section content-section-spacing white-text\" style=\"background-color: #ffffff; background-size: cover; background-position: center top; background-image: url('https:\/\/www.flyfishingguide.de\/wp-content\/uploads\/2020\/02\/spring-fly-fishing.jpg');\" data-label=\"Kontakt\" data-id=\"contact--1\" data-export-id=\"contact-1-mc\" data-category=\"contact\" data-parallax-depth=\"20\" data-bullets-visibility=\"true\">\n<div class=\"gridContainer\">\n<div class=\"row text-center\">\n<div class=\"section-title-col\" data-type=\"column\">\n<h2 class=\"\">Contact us<\/h2>\n<\/div>\n<\/div>\n<div class=\"row text-center\">\n<div class=\"col-xs-12 col-sm-8 col-sm-offset-2 contact-form-wrapper\">\n<div class=\"card large-padding\">\n<div class=\"\" data-content-shortcode=\"mesmerize_contact_form shortcode=&quot;wpforms id=&amp;amp;quot;152&amp;amp;quot; title=&amp;amp;quot;false&amp;amp;quot; description=&amp;amp;quot;false&amp;amp;quot;&quot;\" data-editable=\"true\"><div class=\"wpforms-container wpforms-container-full\" id=\"wpforms-152\"><form id=\"wpforms-form-152\" class=\"wpforms-validate wpforms-form\" data-formid=\"152\" method=\"post\" enctype=\"multipart\/form-data\" action=\"\/en\/wp-json\/wp\/v2\/pages\/20\" data-token=\"d1c3c7e9884069707b46326832b7e8c5\" data-token-time=\"1776601004\" data-trp-original-action=\"\/en\/wp-json\/wp\/v2\/pages\/20\"><noscript class=\"wpforms-error-noscript\">Please enable JavaScript in your browser to complete this form.<\/noscript><div class=\"wpforms-field-container\"><div id=\"wpforms-152-field_0-container\" class=\"wpforms-field wpforms-field-name\" data-field-id=\"0\"><label class=\"wpforms-field-label\">Name <span class=\"wpforms-required-label\">*<\/span><\/label><div class=\"wpforms-field-row wpforms-field-large\"><div class=\"wpforms-field-row-block wpforms-first wpforms-one-half\"><input type=\"text\" id=\"wpforms-152-field_0\" class=\"wpforms-field-name-first wpforms-field-required\" name=\"wpforms[fields][0][first]\" required><label for=\"wpforms-152-field_0\" class=\"wpforms-field-sublabel after\">First<\/label><\/div><div class=\"wpforms-field-row-block wpforms-one-half\"><input type=\"text\" id=\"wpforms-152-field_0-last\" class=\"wpforms-field-name-last wpforms-field-required\" name=\"wpforms[fields][0][last]\" required><label for=\"wpforms-152-field_0-last\" class=\"wpforms-field-sublabel after\">Last<\/label><\/div><\/div><\/div><div id=\"wpforms-152-field_1-container\" class=\"wpforms-field wpforms-field-email\" data-field-id=\"1\"><label class=\"wpforms-field-label\" for=\"wpforms-152-field_1\">Email <span class=\"wpforms-required-label\">*<\/span><\/label><input type=\"email\" id=\"wpforms-152-field_1\" class=\"wpforms-field-large wpforms-field-required\" name=\"wpforms[fields][1]\" spellcheck=\"false\" required><\/div><div id=\"wpforms-152-field_2-container\" class=\"wpforms-field wpforms-field-textarea\" data-field-id=\"2\"><label class=\"wpforms-field-label\" for=\"wpforms-152-field_2\">Kommentar <span class=\"wpforms-required-label\">*<\/span><\/label><textarea id=\"wpforms-152-field_2\" class=\"wpforms-field-large wpforms-field-required\" name=\"wpforms[fields][2]\" required><\/textarea><\/div><\/div><!-- .wpforms-field-container --><div class=\"wpforms-field wpforms-field-hp\"><label for=\"wpforms-152-field-hp\" class=\"wpforms-field-label\">Message<\/label><input type=\"text\" name=\"wpforms[hp]\" id=\"wpforms-152-field-hp\" class=\"wpforms-field-medium\"><\/div><div class=\"wpforms-submit-container\" ><input type=\"hidden\" name=\"wpforms[id]\" value=\"152\"><input type=\"hidden\" name=\"page_title\" value=\"\"><input type=\"hidden\" name=\"page_url\" value=\"https:\/\/www.flyfishingguide.de\/en\/wp-json\/wp\/v2\/pages\/20\"><input type=\"hidden\" name=\"url_referer\" value=\"\"><button type=\"submit\" name=\"wpforms[submit]\" id=\"wpforms-submit-152\" class=\"wpforms-submit button color1\" data-alt-text=\"Sending...\" data-submit-text=\"Absenden\" aria-live=\"assertive\" value=\"wpforms-submit\">Absenden<\/button><\/div><input type=\"hidden\" name=\"trp-form-language\" value=\"en\"\/><\/form><\/div>  <!-- .wpforms-container --><\/div>\n<\/div>\n<\/div>\n<\/div>\n<\/div>\n<\/div>","protected":false},"excerpt":{"rendered":"<p>Fliegenfischer Grundkurse Lernen Sie das Fliegenfischen Die Teilnehmer erhalten eine eingehende Wurfschulung und k\u00f6nnen schon am 1. Tag praktische Erfahrung an unseren Gew\u00e4ssern machen und vielleicht Ihren ersten Fisch fangen.&hellip; <br \/> <a class=\"read-more\" href=\"https:\/\/www.flyfishingguide.de\/en\/\">Read more<\/a><\/p>","protected":false},"author":1,"featured_media":0,"parent":0,"menu_order":0,"comment_status":"closed","ping_status":"closed","template":"page-templates\/homepage.php","meta":{"footnotes":""},"class_list":["post-20","page","type-page","status-publish","hentry"],"aioseo_notices":[],"_links":{"self":[{"href":"https:\/\/www.flyfishingguide.de\/en\/wp-json\/wp\/v2\/pages\/20","targetHints":{"allow":["GET"]}}],"collection":[{"href":"https:\/\/www.flyfishingguide.de\/en\/wp-json\/wp\/v2\/pages"}],"about":[{"href":"https:\/\/www.flyfishingguide.de\/en\/wp-json\/wp\/v2\/types\/page"}],"author":[{"embeddable":true,"href":"https:\/\/www.flyfishingguide.de\/en\/wp-json\/wp\/v2\/users\/1"}],"replies":[{"embeddable":true,"href":"https:\/\/www.flyfishingguide.de\/en\/wp-json\/wp\/v2\/comments?post=20"}],"version-history":[{"count":52,"href":"https:\/\/www.flyfishingguide.de\/en\/wp-json\/wp\/v2\/pages\/20\/revisions"}],"predecessor-version":[{"id":438,"href":"https:\/\/www.flyfishingguide.de\/en\/wp-json\/wp\/v2\/pages\/20\/revisions\/438"}],"wp:attachment":[{"href":"https:\/\/www.flyfishingguide.de\/en\/wp-json\/wp\/v2\/media?parent=20"}],"curies":[{"name":"wp","href":"https:\/\/api.w.org\/{rel}","templated":true}]}}